{"id":92,"date":"2026-01-27T14:55:24","date_gmt":"2026-01-27T14:55:24","guid":{"rendered":"https:\/\/storiarenov.fr\/?page_id=92"},"modified":"2026-01-30T18:30:10","modified_gmt":"2026-01-30T18:30:10","slug":"perspectives-deconomies","status":"publish","type":"page","link":"https:\/\/storiarenov.fr\/index.php\/perspectives-deconomies\/","title":{"rendered":"PERSPECTIVES D\u2019\u00c9CONOMIES"},"content":{"rendered":"\n<p>R\u00e9duisez durablement vos d\u00e9penses \u00e9nerg\u00e9tiques<\/p>\n\n\n\n<p>Face \u00e0 l\u2019augmentation des co\u00fbts de l\u2019\u00e9nergie, de plus en plus de particuliers et de professionnels cherchent des solutions pour ma\u00eetriser leurs d\u00e9penses.<br>Les \u00e9quipements de r\u00e9novation \u00e9nerg\u00e9tique, comme les&nbsp;<strong>panneaux photovolta\u00efques<\/strong>&nbsp;et les&nbsp;<strong>pompes \u00e0 chaleur<\/strong>, offrent aujourd\u2019hui de r\u00e9elles perspectives d\u2019\u00e9conomies sur le long terme.<\/p>\n\n\n\n<figure class=\"wp-block-image aligncenter size-full is-resized\"><img loading=\"lazy\" decoding=\"async\" width=\"500\" height=\"500\" src=\"http:\/\/storiarenov.fr\/wp-content\/uploads\/2026\/01\/LOGO-STORIA-Renov-5.png\" alt=\"\" class=\"wp-image-105\" style=\"width:285px;height:auto\" srcset=\"https:\/\/storiarenov.fr\/wp-content\/uploads\/2026\/01\/LOGO-STORIA-Renov-5.png 500w, https:\/\/storiarenov.fr\/wp-content\/uploads\/2026\/01\/LOGO-STORIA-Renov-5-300x300.png 300w, https:\/\/storiarenov.fr\/wp-content\/uploads\/2026\/01\/LOGO-STORIA-Renov-5-150x150.png 150w\" sizes=\"auto, (max-width: 500px) 100vw, 500px\" \/><\/figure>\n\n\n\n<p>Chez&nbsp;<strong>Storia Renov<\/strong>, nous vous accompagnons pour optimiser votre consommation \u00e9nerg\u00e9tique de mani\u00e8re durable et adapt\u00e9e \u00e0 votre situation.<\/p>\n\n\n\n<p><\/p>\n\n\n\n<p><strong>Comment r\u00e9duire ses factures \u00e9nerg\u00e9tiques ?<\/strong><\/p>\n\n\n\n<figure class=\"wp-block-image size-large\"><img loading=\"lazy\" decoding=\"async\" width=\"1024\" height=\"683\" src=\"https:\/\/storiarenov.fr\/wp-content\/uploads\/2026\/01\/enphase_highres-2-2-1024x683.webp\" alt=\"\" class=\"wp-image-140\" srcset=\"https:\/\/storiarenov.fr\/wp-content\/uploads\/2026\/01\/enphase_highres-2-2-1024x683.webp 1024w, https:\/\/storiarenov.fr\/wp-content\/uploads\/2026\/01\/enphase_highres-2-2-300x200.webp 300w, https:\/\/storiarenov.fr\/wp-content\/uploads\/2026\/01\/enphase_highres-2-2-768x512.webp 768w, https:\/\/storiarenov.fr\/wp-content\/uploads\/2026\/01\/enphase_highres-2-2-1536x1024.webp 1536w, https:\/\/storiarenov.fr\/wp-content\/uploads\/2026\/01\/enphase_highres-2-2-2048x1365.webp 2048w\" sizes=\"auto, (max-width: 1024px) 100vw, 1024px\" \/><\/figure>\n\n\n\n<p>Les \u00e9conomies d\u2019\u00e9nergie reposent sur deux leviers principaux :<\/p>\n\n\n\n<ul class=\"wp-block-list\">\n<li>Produire une partie de sa propre \u00e9nergie<\/li>\n\n\n\n<li>R\u00e9duire sa consommation gr\u00e2ce \u00e0 des \u00e9quipements performants<\/li>\n<\/ul>\n\n\n\n<p>En combinant ces solutions, il est possible de limiter sa d\u00e9pendance aux fournisseurs d\u2019\u00e9nergie et de mieux anticiper les \u00e9volutions tarifaires.<\/p>\n\n\n\n<p><strong>Produire et consommer sa propre \u00e9nergie<\/strong><\/p>\n\n\n\n<p>L\u2019installation de panneaux photovolta\u00efques permet de produire une \u00e9lectricit\u00e9 renouvelable directement sur votre toiture.<br>Cette \u00e9nergie peut \u00eatre consomm\u00e9e sur place, ce qui r\u00e9duit imm\u00e9diatement la facture d\u2019\u00e9lectricit\u00e9.<\/p>\n\n\n\n<p>Pour les particuliers comme pour les professionnels, le photovolta\u00efque repr\u00e9sente une solution fiable pour stabiliser les co\u00fbts \u00e9nerg\u00e9tiques sur le long terme.<\/p>\n\n\n\n<p><strong>Chauffer efficacement tout en consommant moins<\/strong><\/p>\n\n\n\n<p>La pompe \u00e0 chaleur utilise une \u00e9nergie naturellement pr\u00e9sente dans l\u2019air pour chauffer votre logement ou vos locaux.<br>Ce fonctionnement permet de produire plus d\u2019\u00e9nergie qu\u2019elle n\u2019en consomme, ce qui se traduit par une r\u00e9duction notable des d\u00e9penses li\u00e9es au chauffage.<\/p>\n\n\n\n<p>C\u2019est une solution particuli\u00e8rement adapt\u00e9e aux projets de r\u00e9novation comme aux b\u00e2timents professionnels.<\/p>\n\n\n\n<p><strong>Des \u00e9conomies adapt\u00e9es \u00e0 chaque usage<\/strong><\/p>\n\n\n\n<ul class=\"wp-block-list\">\n<li><strong>Pour les particuliers<\/strong>&nbsp;: baisse des factures d\u2019\u00e9lectricit\u00e9 et de chauffage, am\u00e9lioration du confort thermique, valorisation du logement.<\/li>\n<\/ul>\n\n\n\n<figure class=\"wp-block-image size-full\"><img loading=\"lazy\" decoding=\"async\" width=\"728\" height=\"408\" src=\"https:\/\/storiarenov.fr\/wp-content\/uploads\/2026\/01\/eco-friendly-modern-home-stockcake.webp\" alt=\"\" class=\"wp-image-142\" srcset=\"https:\/\/storiarenov.fr\/wp-content\/uploads\/2026\/01\/eco-friendly-modern-home-stockcake.webp 728w, https:\/\/storiarenov.fr\/wp-content\/uploads\/2026\/01\/eco-friendly-modern-home-stockcake-300x168.webp 300w\" sizes=\"auto, (max-width: 728px) 100vw, 728px\" \/><\/figure>\n\n\n\n<ul class=\"wp-block-list\">\n<li><strong>Pour les professionnels<\/strong>&nbsp;: ma\u00eetrise des co\u00fbts \u00e9nerg\u00e9tiques, valorisation des b\u00e2timents, optimisation de la rentabilit\u00e9, notamment pour les hangars et grandes surfaces de toiture.<\/li>\n<\/ul>\n\n\n\n<figure class=\"wp-block-image size-large is-resized\"><img loading=\"lazy\" decoding=\"async\" width=\"1024\" height=\"576\" src=\"https:\/\/storiarenov.fr\/wp-content\/uploads\/2026\/01\/68381982af065-1024x576.webp\" alt=\"\" class=\"wp-image-141\" style=\"width:731px;height:auto\" srcset=\"https:\/\/storiarenov.fr\/wp-content\/uploads\/2026\/01\/68381982af065-1024x576.webp 1024w, https:\/\/storiarenov.fr\/wp-content\/uploads\/2026\/01\/68381982af065-300x169.webp 300w, https:\/\/storiarenov.fr\/wp-content\/uploads\/2026\/01\/68381982af065-768x432.webp 768w, https:\/\/storiarenov.fr\/wp-content\/uploads\/2026\/01\/68381982af065.webp 1520w\" sizes=\"auto, (max-width: 1024px) 100vw, 1024px\" \/><\/figure>\n\n\n\n<p>Chaque projet \u00e9tant diff\u00e9rent, les \u00e9conomies potentielles varient selon l\u2019\u00e9quipement install\u00e9, l\u2019usage du b\u00e2timent et les habitudes de consommation.<\/p>\n\n\n\n<p><strong>Une estimation r\u00e9aliste et transparente<\/strong><\/p>\n\n\n\n<p>Avant toute installation, nous r\u00e9alisons une&nbsp;<strong>\u00e9tude personnalis\u00e9e<\/strong>&nbsp;afin d\u2019\u00e9valuer les perspectives d\u2019\u00e9conomies r\u00e9elles de votre projet.<br>Cette approche nous permet de vous proposer une solution coh\u00e9rente, adapt\u00e9e et rentable sur le long terme, sans promesses irr\u00e9alistes.<\/p>\n\n\n\n<p>Vous souhaitez mieux ma\u00eetriser vos d\u00e9penses \u00e9nerg\u00e9tiques ?<br>Contactez&nbsp;<strong>Storia Renov<\/strong>&nbsp;pour une&nbsp;<strong>\u00e9tude gratuite et personnalis\u00e9e<\/strong>&nbsp;de votre projet.<\/p>\n\n\n\n<div class=\"wp-block-buttons is-layout-flex wp-block-buttons-is-layout-flex\">\n<div class=\"wp-block-button\"><a class=\"wp-block-button__link wp-element-button\" href=\"https:\/\/storiarenov.fr\/index.php\/contactez-nous\/\">CONTACTEZ-NOUS !<\/a><\/div>\n<\/div>\n\n\n\n<p><\/p>\n","protected":false},"excerpt":{"rendered":"<p>R\u00e9duisez durablement vos d\u00e9penses \u00e9nerg\u00e9tiques Face \u00e0 l\u2019augmentation des co\u00fbts de l\u2019\u00e9nergie, de plus en plus de particuliers et de professionnels cherchent des solutions pour ma\u00eetriser leurs d\u00e9penses.Les \u00e9quipements de r\u00e9novation \u00e9nerg\u00e9tique, comme les&nbsp;panneaux photovolta\u00efques&nbsp;et les&nbsp;pompes \u00e0 chaleur, offrent aujourd\u2019hui de r\u00e9elles perspectives d\u2019\u00e9conomies sur le long terme. Chez&nbsp;Storia Renov, nous vous accompagnons pour optimiser [&hellip;]<\/p>\n","protected":false},"author":1,"featured_media":0,"parent":0,"menu_order":0,"comment_status":"closed","ping_status":"closed","template":"","meta":{"footnotes":""},"class_list":["post-92","page","type-page","status-publish","hentry"],"_links":{"self":[{"href":"https:\/\/storiarenov.fr\/index.php\/wp-json\/wp\/v2\/pages\/92","targetHints":{"allow":["GET"]}}],"collection":[{"href":"https:\/\/storiarenov.fr\/index.php\/wp-json\/wp\/v2\/pages"}],"about":[{"href":"https:\/\/storiarenov.fr\/index.php\/wp-json\/wp\/v2\/types\/page"}],"author":[{"embeddable":true,"href":"https:\/\/storiarenov.fr\/index.php\/wp-json\/wp\/v2\/users\/1"}],"replies":[{"embeddable":true,"href":"https:\/\/storiarenov.fr\/index.php\/wp-json\/wp\/v2\/comments?post=92"}],"version-history":[{"count":6,"href":"https:\/\/storiarenov.fr\/index.php\/wp-json\/wp\/v2\/pages\/92\/revisions"}],"predecessor-version":[{"id":173,"href":"https:\/\/storiarenov.fr\/index.php\/wp-json\/wp\/v2\/pages\/92\/revisions\/173"}],"wp:attachment":[{"href":"https:\/\/storiarenov.fr\/index.php\/wp-json\/wp\/v2\/media?parent=92"}],"curies":[{"name":"wp","href":"https:\/\/api.w.org\/{rel}","templated":true}]}}