{"id":102,"date":"2026-01-27T15:24:13","date_gmt":"2026-01-27T15:24:13","guid":{"rendered":"https:\/\/storiarenov.fr\/?page_id=102"},"modified":"2026-01-30T18:29:28","modified_gmt":"2026-01-30T18:29:28","slug":"demander-une-etude-gratuite","status":"publish","type":"page","link":"https:\/\/storiarenov.fr\/index.php\/demander-une-etude-gratuite\/","title":{"rendered":"DEMANDER UNE ETUDE GRATUITE"},"content":{"rendered":"\n<figure class=\"wp-block-image aligncenter size-full is-resized\"><img loading=\"lazy\" decoding=\"async\" width=\"500\" height=\"500\" src=\"https:\/\/storiarenov.fr\/wp-content\/uploads\/2026\/01\/LOGO-STORIA-Renov-5.png\" alt=\"\" class=\"wp-image-105\" style=\"width:551px;height:auto\" srcset=\"https:\/\/storiarenov.fr\/wp-content\/uploads\/2026\/01\/LOGO-STORIA-Renov-5.png 500w, https:\/\/storiarenov.fr\/wp-content\/uploads\/2026\/01\/LOGO-STORIA-Renov-5-300x300.png 300w, https:\/\/storiarenov.fr\/wp-content\/uploads\/2026\/01\/LOGO-STORIA-Renov-5-150x150.png 150w\" sizes=\"auto, (max-width: 500px) 100vw, 500px\" \/><\/figure>\n\n\n\n<div class=\"wp-block-group has-global-padding is-layout-constrained wp-block-group-is-layout-constrained\">\n<div class=\"wpcf7 no-js\" id=\"wpcf7-f99-o1\" lang=\"en-US\" dir=\"ltr\" data-wpcf7-id=\"99\">\n<div class=\"screen-reader-response\"><p role=\"status\" aria-live=\"polite\" aria-atomic=\"true\"><\/p> <ul><\/ul><\/div>\n<form action=\"\/index.php\/wp-json\/wp\/v2\/pages\/102#wpcf7-f99-o1\" method=\"post\" class=\"wpcf7-form init\" aria-label=\"Contact form\" novalidate=\"novalidate\" data-status=\"init\">\n<fieldset class=\"hidden-fields-container\"><input type=\"hidden\" name=\"_wpcf7\" value=\"99\" \/><input type=\"hidden\" name=\"_wpcf7_version\" value=\"6.1.4\" \/><input type=\"hidden\" name=\"_wpcf7_locale\" value=\"en_US\" \/><input type=\"hidden\" name=\"_wpcf7_unit_tag\" value=\"wpcf7-f99-o1\" \/><input type=\"hidden\" name=\"_wpcf7_container_post\" value=\"0\" \/><input type=\"hidden\" name=\"_wpcf7_posted_data_hash\" value=\"\" \/>\n<\/fieldset>\n<p><label> Nom*<br \/>\n<span class=\"wpcf7-form-control-wrap\" data-name=\"nom\"><input size=\"40\" maxlength=\"400\" class=\"wpcf7-form-control wpcf7-text wpcf7-validates-as-required\" aria-required=\"true\" aria-invalid=\"false\" value=\"\" type=\"text\" name=\"nom\" \/><\/span> <\/label>\n<\/p>\n<p><label> Pr\u00e9nom*<br \/>\n<span class=\"wpcf7-form-control-wrap\" data-name=\"prenom\"><input size=\"40\" maxlength=\"400\" class=\"wpcf7-form-control wpcf7-text wpcf7-validates-as-required\" aria-required=\"true\" aria-invalid=\"false\" value=\"\" type=\"text\" name=\"prenom\" \/><\/span> <\/label>\n<\/p>\n<p><label> T\u00e9l\u00e9phone*<br \/>\n<span class=\"wpcf7-form-control-wrap\" data-name=\"telephone\"><input size=\"40\" maxlength=\"400\" class=\"wpcf7-form-control wpcf7-tel wpcf7-validates-as-required wpcf7-text wpcf7-validates-as-tel\" aria-required=\"true\" aria-invalid=\"false\" value=\"\" type=\"tel\" name=\"telephone\" \/><\/span> <\/label>\n<\/p>\n<p><label> Email*<br \/>\n<span class=\"wpcf7-form-control-wrap\" data-name=\"email\"><input size=\"40\" maxlength=\"400\" class=\"wpcf7-form-control wpcf7-email wpcf7-validates-as-required wpcf7-text wpcf7-validates-as-email\" aria-required=\"true\" aria-invalid=\"false\" value=\"\" type=\"email\" name=\"email\" \/><\/span> <\/label>\n<\/p>\n<p><label> Vous \u00eates*<br \/>\n<span class=\"wpcf7-form-control-wrap\" data-name=\"type_client\"><span class=\"wpcf7-form-control wpcf7-radio\"><span class=\"wpcf7-list-item first\"><label><input type=\"radio\" name=\"type_client\" value=\"Particulier\" \/><span class=\"wpcf7-list-item-label\">Particulier<\/span><\/label><\/span><span class=\"wpcf7-list-item last\"><label><input type=\"radio\" name=\"type_client\" value=\"Professionnel\" \/><span class=\"wpcf7-list-item-label\">Professionnel<\/span><\/label><\/span><\/span><\/span> <\/label>\n<\/p>\n<p><label> Votre projet concerne*<br \/>\n<span class=\"wpcf7-form-control-wrap\" data-name=\"projet\"><span class=\"wpcf7-form-control wpcf7-checkbox\"><span class=\"wpcf7-list-item first\"><label><input type=\"checkbox\" name=\"projet[]\" value=\"Panneaux photovolta\u00efques\" \/><span class=\"wpcf7-list-item-label\">Panneaux photovolta\u00efques<\/span><\/label><\/span><span class=\"wpcf7-list-item\"><label><input type=\"checkbox\" name=\"projet[]\" value=\"Pompe \u00e0 chaleur\" \/><span class=\"wpcf7-list-item-label\">Pompe \u00e0 chaleur<\/span><\/label><\/span><span class=\"wpcf7-list-item last\"><label><input type=\"checkbox\" name=\"projet[]\" value=\"Les deux\" \/><span class=\"wpcf7-list-item-label\">Les deux<\/span><\/label><\/span><\/span><\/span> <\/label>\n<\/p>\n<p><label> Type de b\u00e2timent<br \/>\n<span class=\"wpcf7-form-control-wrap\" data-name=\"batiment\"><select class=\"wpcf7-form-control wpcf7-select\" aria-invalid=\"false\" name=\"batiment\"><option value=\"Maison individuelle\">Maison individuelle<\/option><option value=\"Immeuble\">Immeuble<\/option><option value=\"Local professionnel\">Local professionnel<\/option><option value=\"Hangar agricole\">Hangar agricole<\/option><option value=\"Hangar industriel\">Hangar industriel<\/option><option value=\"Autre\">Autre<\/option><\/select><\/span> <\/label>\n<\/p>\n<p><label> Code postal*<br \/>\n<span class=\"wpcf7-form-control-wrap\" data-name=\"code_postal\"><input size=\"40\" maxlength=\"400\" class=\"wpcf7-form-control wpcf7-text wpcf7-validates-as-required\" aria-required=\"true\" aria-invalid=\"false\" value=\"\" type=\"text\" name=\"code_postal\" \/><\/span> <\/label>\n<\/p>\n<p><label> Surface du logement \/ b\u00e2timent (m\u00b2)*<br \/>\n<span class=\"wpcf7-form-control-wrap\" data-name=\"surface\"><input size=\"40\" maxlength=\"400\" class=\"wpcf7-form-control wpcf7-text wpcf7-validates-as-required\" aria-required=\"true\" aria-invalid=\"false\" placeholder=\"Ex : 120\" value=\"\" type=\"text\" name=\"surface\" \/><\/span> <\/label>\n<\/p>\n<p><label> Facture d\u2019\u00e9lectricit\u00e9 par mois (\u20ac)*<br \/>\n<span class=\"wpcf7-form-control-wrap\" data-name=\"facture\"><input size=\"40\" maxlength=\"400\" class=\"wpcf7-form-control wpcf7-text wpcf7-validates-as-required\" aria-required=\"true\" aria-invalid=\"false\" placeholder=\"Ex : 180\" value=\"\" type=\"text\" name=\"facture\" \/><\/span> <\/label>\n<\/p>\n<p><label> Type de chauffage actuel*<br \/>\n<span class=\"wpcf7-form-control-wrap\" data-name=\"chauffage\"><select class=\"wpcf7-form-control wpcf7-select wpcf7-validates-as-required\" aria-required=\"true\" aria-invalid=\"false\" name=\"chauffage\"><option value=\"\u00c9lectrique\">\u00c9lectrique<\/option><option value=\"Gaz\">Gaz<\/option><option value=\"Fioul\">Fioul<\/option><option value=\"Pompe \u00e0 chaleur\">Pompe \u00e0 chaleur<\/option><option value=\"Bois \/ granul\u00e9s\">Bois \/ granul\u00e9s<\/option><option value=\"Chauffage collectif\">Chauffage collectif<\/option><option value=\"Autre\">Autre<\/option><\/select><\/span> <\/label>\n<\/p>\n<p><label> D\u00e9crivez votre projet<br \/>\n<span class=\"wpcf7-form-control-wrap\" data-name=\"message\"><textarea cols=\"40\" rows=\"10\" maxlength=\"2000\" class=\"wpcf7-form-control wpcf7-textarea\" aria-invalid=\"false\" placeholder=\"Expliquez votre situation, votre logement et vos besoins\" name=\"message\"><\/textarea><\/span> <\/label>\n<\/p>\n<p><label><br \/>\n<span class=\"wpcf7-form-control-wrap\" data-name=\"consentement\"><span class=\"wpcf7-form-control wpcf7-acceptance\"><span class=\"wpcf7-list-item\"><input type=\"checkbox\" name=\"consentement\" value=\"1\" aria-invalid=\"false\" \/><\/span><\/span><\/span> J\u2019accepte que mes informations soient utilis\u00e9es pour \u00eatre recontact\u00e9.<br \/>\n<\/label>\n<\/p>\n<p><input class=\"wpcf7-form-control wpcf7-submit has-spinner\" type=\"submit\" value=\"Demander mon \u00e9tude gratuite\" \/>\n<\/p><div class=\"wpcf7-response-output\" aria-hidden=\"true\"><\/div>\n<\/form>\n<\/div>\n\n<\/div>\n","protected":false},"excerpt":{"rendered":"","protected":false},"author":1,"featured_media":0,"parent":0,"menu_order":0,"comment_status":"closed","ping_status":"closed","template":"","meta":{"footnotes":""},"class_list":["post-102","page","type-page","status-publish","hentry"],"_links":{"self":[{"href":"https:\/\/storiarenov.fr\/index.php\/wp-json\/wp\/v2\/pages\/102","targetHints":{"allow":["GET"]}}],"collection":[{"href":"https:\/\/storiarenov.fr\/index.php\/wp-json\/wp\/v2\/pages"}],"about":[{"href":"https:\/\/storiarenov.fr\/index.php\/wp-json\/wp\/v2\/types\/page"}],"author":[{"embeddable":true,"href":"https:\/\/storiarenov.fr\/index.php\/wp-json\/wp\/v2\/users\/1"}],"replies":[{"embeddable":true,"href":"https:\/\/storiarenov.fr\/index.php\/wp-json\/wp\/v2\/comments?post=102"}],"version-history":[{"count":6,"href":"https:\/\/storiarenov.fr\/index.php\/wp-json\/wp\/v2\/pages\/102\/revisions"}],"predecessor-version":[{"id":172,"href":"https:\/\/storiarenov.fr\/index.php\/wp-json\/wp\/v2\/pages\/102\/revisions\/172"}],"wp:attachment":[{"href":"https:\/\/storiarenov.fr\/index.php\/wp-json\/wp\/v2\/media?parent=102"}],"curies":[{"name":"wp","href":"https:\/\/api.w.org\/{rel}","templated":true}]}}